{"id":5112,"date":"2021-11-23T15:14:32","date_gmt":"2021-11-23T08:14:32","guid":{"rendered":"https:\/\/megaline.com.vn\/%ec%9d%b4%eb%8f%99%ec%8b%9d-%ec%8a%a4%ed%83%a0%eb%93%9c%ed%98%95-%ed%99%95%eb%8c%80%ea%b2%bd-sk86e"},"modified":"2025-06-11T09:39:49","modified_gmt":"2025-06-11T02:39:49","slug":"%ec%9d%b4%eb%8f%99%ec%8b%9d-%ec%8a%a4%ed%83%a0%eb%93%9c%ed%98%95-%ed%99%95%eb%8c%80%ea%b2%bd-sk86e","status":"publish","type":"product","link":"https:\/\/megaline.com.vn\/ko\/%ec%9d%b4%eb%8f%99%ec%8b%9d-%ec%8a%a4%ed%83%a0%eb%93%9c%ed%98%95-%ed%99%95%eb%8c%80%ea%b2%bd-sk86e","title":{"rendered":"\uc774\ub3d9\uc2dd \uc2a4\ud0e0\ub4dc\ud615 \ud655\ub300\uacbd SK86E"},"content":{"rendered":"<h2 data-start=\"181\" data-end=\"204\"><strong data-start=\"183\" data-end=\"204\">\uc774\ub3d9\uc2dd \uc2a4\ud0e0\ub4dc \ud655\ub300\uacbd SK86E<\/strong><\/h2>\n<p data-start=\"206\" data-end=\"424\">\uae30\uc220 \uacfc\ud559\uc774 \ub04a\uc784\uc5c6\uc774 \ubc1c\uc804\ud558\uba74\uc11c, \uad11\ud559 \uae30\uae30 \ud2b9\ud788 \ub3cb\ubcf4\uae30(\ud655\ub300\uacbd)\uc758 \uc911\uc694\uc131\ub3c4 \ud06c\uac8c \ub192\uc544\uc84c\uc2b5\ub2c8\ub2e4. \ub3cb\ubcf4\uae30\ub294 \uc6b0\ub9ac \uc0dd\ud65c\uc5d0 \uce5c\uc219\ud55c \ub3c4\uad6c\ub85c, \ub2e4\uc591\ud55c \ud615\ud0dc\ub85c \uc124\uacc4\ub418\uc5b4 \uc791\uc5c5 \ubaa9\uc801\uc5d0 \ub9de\ucd98 \ud65c\uc6a9\uc774 \uac00\ub2a5\ud569\ub2c8\ub2e4. \ud2b9\ud788 \uc804\uc790\uae30\ud310, \ubc18\ub3c4\uccb4 \uc81c\uc870\uac19\uc740 \uc0b0\uc5c5 \ud604\uc7a5\uc5d0\uc11c \ud655\ub300\uacbd\uc740 \uc544\uc8fc \uc911\uc694\ud55c \uc7a5\ube44\uc785\ub2c8\ub2e4. \uc0b0\uc5c5\uc6a9 \ud655\ub300\uacbd\uc740 \uc791\uc740 \ubd80\ud488\uc758 \uc704\uce58\uc640 \uc138\ubd80 \uc0ac\ud56d\uc744 \ubcf4\ub2e4 \uba85\ud655\ud558\uac8c \ubcf4\uc5ec\uc8fc\uc5b4 \uc870\ub9bd \ubc0f \uacb0\ud569 \uc791\uc5c5 \uc2dc \uc815\ud655\ub3c4\ub97c \ub192\uc5ec\uc90d\ub2c8\ub2e4.<\/p>\n<p data-start=\"426\" data-end=\"481\"><strong data-start=\"426\" data-end=\"447\">SK86E \uc774\ub3d9\uc2dd \uc2a4\ud0e0\ub4dc \ud655\ub300\uacbd<\/strong>\uc740 \uc911\uad6d\uc5d0\uc11c \uc81c\uc870\ub41c \uc0b0\uc5c5\uc6a9 \ud655\ub300\uacbd\uc73c\ub85c \ub110\ub9ac \uc0ac\uc6a9\ub418\uace0 \uc788\uc2b5\ub2c8\ub2e4.<\/p>\n<p data-start=\"483\" data-end=\"578\">\uc774 \uc81c\ud488\uc740 \uc6d0\ud615 \ub80c\uc988, 3\uac1c\uc758 \ud68c\uc804 \uad00\uc808(\uadfc\uac70\ub9ac\u00b7\uc6d0\uac70\ub9ac \uc870\uc808 \uac00\ub2a5), \ud558\ub098\uc758 \uc218\uc9c1 \uc9c0\uc9c0\ub300, X\uc790\ud615 4\ubc14\ud034 \uc774\ub3d9\uc2dd \ubc1b\uce68\ub300\ub85c \uad6c\uc131\ub418\uc5b4 \uc788\uc5b4 \uc791\uc5c5 \uc704\uce58 \uc774\ub3d9\uc774 \ub9e4\uc6b0 \uc6a9\uc774\ud569\ub2c8\ub2e4.<\/p>\n<hr data-start=\"580\" data-end=\"583\" \/>\n<h3 data-start=\"585\" data-end=\"596\">\ud83d\udcd0 \uae30\uc220 \uc0ac\uc591<\/h3>\n<ul data-start=\"598\" data-end=\"788\">\n<li data-start=\"598\" data-end=\"618\">\n<p data-start=\"600\" data-end=\"618\"><strong data-start=\"600\" data-end=\"607\">\uc804\uc6d0:<\/strong> 110\/220V<\/p>\n<\/li>\n<li data-start=\"619\" data-end=\"648\">\n<p data-start=\"621\" data-end=\"648\"><strong data-start=\"621\" data-end=\"631\">\uc870\uba85 \uc885\ub958:<\/strong> 22W CFL \ub610\ub294 LED<\/p>\n<\/li>\n<li data-start=\"649\" data-end=\"671\">\n<p data-start=\"651\" data-end=\"671\"><strong data-start=\"651\" data-end=\"661\">\ub80c\uc988 \ud06c\uae30:<\/strong> \u00d8127\u202fmm<\/p>\n<\/li>\n<li data-start=\"672\" data-end=\"716\">\n<p data-start=\"674\" data-end=\"716\"><strong data-start=\"674\" data-end=\"681\">\ubc30\uc728:<\/strong> 3\u00d7, 5\u00d7, 8\u00d7, 10\u00d7 (15\u00d7, 20\u00d7 \uc120\ud0dd \uac00\ub2a5)<\/p>\n<\/li>\n<li data-start=\"717\" data-end=\"738\">\n<p data-start=\"719\" data-end=\"738\"><strong data-start=\"719\" data-end=\"729\">\uc791\uc5c5 \uac70\ub9ac:<\/strong> 500\u202fmm<\/p>\n<\/li>\n<li data-start=\"739\" data-end=\"765\">\n<p data-start=\"741\" data-end=\"765\"><strong data-start=\"741\" data-end=\"748\">\ud2b9\uc9d5:<\/strong> \uc2a4\ud0e0\ub4dc\ud615, \uc811\uc774\uc2dd \uc554 \uad6c\uc870<\/p>\n<\/li>\n<li data-start=\"766\" data-end=\"788\">\n<p data-start=\"768\" data-end=\"788\"><strong data-start=\"768\" data-end=\"778\">\uc801\uc6a9 \ubd84\uc57c:<\/strong> \uc804\uc790, \ubc18\ub3c4\uccb4 \ub4f1<\/p>\n<\/li>\n<\/ul>\n<p><img loading=\"lazy\" decoding=\"async\" class=\" wp-image-5115 aligncenter\" src=\"https:\/\/megaline.com.vn\/wp-content\/uploads\/2021\/11\/250x-86E.jpg\" alt=\"\" width=\"429\" height=\"429\" srcset=\"https:\/\/megaline.com.vn\/wp-content\/uploads\/2021\/11\/250x-86E.jpg 250w, https:\/\/megaline.com.vn\/wp-content\/uploads\/2021\/11\/250x-86E-150x150.jpg 150w, https:\/\/megaline.com.vn\/wp-content\/uploads\/2021\/11\/250x-86E-100x100.jpg 100w\" sizes=\"auto, (max-width: 429px) 100vw, 429px\" \/><\/p>\n<hr data-start=\"790\" data-end=\"793\" \/>\n<h3 data-start=\"795\" data-end=\"804\">\ud83d\udd0d \ud2b9\uc7a5\uc810<\/h3>\n<ul data-start=\"806\" data-end=\"896\">\n<li data-start=\"806\" data-end=\"842\">\n<p data-start=\"808\" data-end=\"842\"><strong data-start=\"808\" data-end=\"821\">\ub0b4\uad6c\uc131 \ub192\uc740 \uc18c\uc7ac<\/strong>: \ud50c\ub77c\uc2a4\ud2f1, \uad11\ud559\uc720\ub9ac, \ud569\uae08 \uc0ac\uc6a9<\/p>\n<\/li>\n<li data-start=\"843\" data-end=\"868\">\n<p data-start=\"845\" data-end=\"868\"><strong data-start=\"845\" data-end=\"855\">\uc190\uc26c\uc6b4 \uc870\uc791<\/strong>: \uc0ac\uc6a9 \ud3b8\uc758\uc131 \ub192\uc74c<\/p>\n<\/li>\n<li data-start=\"869\" data-end=\"896\">\n<p data-start=\"871\" data-end=\"896\"><strong data-start=\"871\" data-end=\"881\">\ub192\uc740 \uc2e4\uc6a9\uc131<\/strong>: \ub2e4\uc591\ud55c \uc791\uc5c5 \ud658\uacbd\uc5d0 \uc801\ud569<\/p>\n<\/li>\n<\/ul>\n<hr data-start=\"898\" data-end=\"901\" \/>\n<h3 data-start=\"903\" data-end=\"921\">\u2705 \uc8fc\uc694 \uae30\ub2a5 \ubc0f \ud65c\uc6a9 \ubd84\uc57c<\/h3>\n<ol data-start=\"923\" data-end=\"1121\">\n<li data-start=\"923\" data-end=\"971\">\n<p data-start=\"926\" data-end=\"971\"><strong data-start=\"926\" data-end=\"939\">\uc720\uc5f0\ud55c \uc704\uce58 \uc774\ub3d9<\/strong><br data-start=\"939\" data-end=\"942\" \/>\uace0\uc815\ud615 \ud655\ub300\uacbd\uacfc \ub2ec\ub9ac \ub2e4\uc591\ud55c \uc704\uce58 \uc774\ub3d9 \uac00\ub2a5<\/p>\n<\/li>\n<li data-start=\"973\" data-end=\"1036\">\n<p data-start=\"976\" data-end=\"1036\"><strong data-start=\"976\" data-end=\"988\">\uc815\ubc00 \ubd80\ud488 \uad00\ucc30<\/strong><br data-start=\"988\" data-end=\"991\" \/>\uc804\uc790\uae30\ud310\uc758 \ucf58\ub374\uc11c, \ub2e4\uc774\uc624\ub4dc, \ud2b8\ub79c\uc9c0\uc2a4\ud130 \ub4f1\uc758 \ubbf8\uc138 \ubd80\ud488\uc744 \uc120\uba85\ud558\uac8c \ud45c\uc2dc<\/p>\n<\/li>\n<li data-start=\"1038\" data-end=\"1081\">\n<p data-start=\"1041\" data-end=\"1081\"><strong data-start=\"1041\" data-end=\"1057\">\uc804\uc790\uae30\ud310 \uac80\uc0ac \ubc0f \uc218\ub9ac<\/strong><br data-start=\"1057\" data-end=\"1060\" \/>\ud68c\ub85c \uacb0\ud568 \uc810\uac80 \ubc0f \uc218\ub9ac \uc791\uc5c5<\/p>\n<\/li>\n<li data-start=\"1083\" data-end=\"1121\">\n<p data-start=\"1086\" data-end=\"1121\"><strong data-start=\"1086\" data-end=\"1098\">\uae08\ud615 \uc0d8\ud50c \uac80\uc0ac<\/strong><br data-start=\"1098\" data-end=\"1101\" \/>\uc8fc\uc870 \uae08\ud615\uc758 \uacb0\ud568 \ubc0f \ud488\uc9c8 \uac80\uc0ac<\/p>\n<\/li>\n<\/ol>\n<p data-start=\"1123\" data-end=\"1220\">\ub610\ud55c, SK86E\ub294 \ubbf8\uc220 \uac10\uc0c1, \uc870\uac01, \uace8\ub3d9\ud488 \uc815\ube44, \ubcf4\uc11d \uc138\uacf5, \uc704\uc870 \uc9c0\ud3d0 \uac10\ubcc4, \uc6b0\ud45c \uc218\uc9d1, \uc758\ub8cc(\ud53c\ubd80\uacfc, \uc2ec\ubbf8\uce58\ub8cc), \uce58\uacfc\uc6a9 \ud655\ub300 \ub4f1 \ub2e4\uc591\ud55c \ubd84\uc57c\uc5d0\uc11c \ud65c\uc6a9\ub418\uace0 \uc788\uc2b5\ub2c8\ub2e4.<\/p>\n","protected":false},"excerpt":{"rendered":"<div id=\"buy_tool\">\n<ul>\n<li>\uc804\uc6d0: 110\/220V<\/li>\n<li><a>\uc870\uba85 \uc885\ub958: 22W CFL \ub610\ub294 LED<\/a><\/li>\n<li><a>\ub80c\uc988 \ud06c\uae30: 127mm<\/a><\/li>\n<li><a>\ud655\ub300 \ubc30\uc728: 3\ubc30, 5\ubc30, 8\ubc30, 10\ubc30 (15\ubc30, 20\ubc30 \uc120\ud0dd \uac00\ub2a5)<\/a><\/li>\n<li><a>\uc791\uc5c5 \uac70\ub9ac: 500mm<\/a><\/li>\n<li><a>\ud2b9\uc9d5: \uc2a4\ud0e0\ub4dc\ud615, \uc811\uc774\uc2dd \uc554 \uad6c\uc870<\/a><\/li>\n<li><a>\uc801\uc6a9 \ubd84\uc57c: \uc804\uc790, \ubc18\ub3c4\uccb4 \ub4f1&#8230;<\/a><\/li>\n<\/ul>\n<\/div>\n","protected":false},"featured_media":5114,"comment_status":"closed","ping_status":"closed","template":"","meta":[],"product_brand":[],"product_cat":[579],"product_tag":[],"class_list":{"0":"post-5112","1":"product","2":"type-product","3":"status-publish","4":"has-post-thumbnail","6":"product_cat-579","8":"first","9":"instock","10":"shipping-taxable","11":"product-type-simple"},"_links":{"self":[{"href":"https:\/\/megaline.com.vn\/ko\/wp-json\/wp\/v2\/product\/5112","targetHints":{"allow":["GET"]}}],"collection":[{"href":"https:\/\/megaline.com.vn\/ko\/wp-json\/wp\/v2\/product"}],"about":[{"href":"https:\/\/megaline.com.vn\/ko\/wp-json\/wp\/v2\/types\/product"}],"replies":[{"embeddable":true,"href":"https:\/\/megaline.com.vn\/ko\/wp-json\/wp\/v2\/comments?post=5112"}],"wp:featuredmedia":[{"embeddable":true,"href":"https:\/\/megaline.com.vn\/ko\/wp-json\/wp\/v2\/media\/5114"}],"wp:attachment":[{"href":"https:\/\/megaline.com.vn\/ko\/wp-json\/wp\/v2\/media?parent=5112"}],"wp:term":[{"taxonomy":"product_brand","embeddable":true,"href":"https:\/\/megaline.com.vn\/ko\/wp-json\/wp\/v2\/product_brand?post=5112"},{"taxonomy":"product_cat","embeddable":true,"href":"https:\/\/megaline.com.vn\/ko\/wp-json\/wp\/v2\/product_cat?post=5112"},{"taxonomy":"product_tag","embeddable":true,"href":"https:\/\/megaline.com.vn\/ko\/wp-json\/wp\/v2\/product_tag?post=5112"}],"curies":[{"name":"wp","href":"https:\/\/api.w.org\/{rel}","templated":true}]}}