{"id":5479,"date":"2021-11-22T13:44:59","date_gmt":"2021-11-22T06:44:59","guid":{"rendered":"https:\/\/megaline.com.vn\/pcb-%ea%b2%80%ec%82%ac-%ec%9e%a5%eb%b9%84%ec%9a%a9-%eb%a8%bc%ec%a7%80-%ec%a0%9c%ea%b1%b0-%eb%a1%a4%eb%9f%ac"},"modified":"2025-06-18T14:30:27","modified_gmt":"2025-06-18T07:30:27","slug":"pcb-%ea%b2%80%ec%82%ac-%ec%9e%a5%eb%b9%84%ec%9a%a9-%eb%a8%bc%ec%a7%80-%ec%a0%9c%ea%b1%b0-%eb%a1%a4%eb%9f%ac","status":"publish","type":"product","link":"https:\/\/megaline.com.vn\/ko\/pcb-%ea%b2%80%ec%82%ac-%ec%9e%a5%eb%b9%84%ec%9a%a9-%eb%a8%bc%ec%a7%80-%ec%a0%9c%ea%b1%b0-%eb%a1%a4%eb%9f%ac","title":{"rendered":"PCB \uac80\uc0ac \uc7a5\ube44\uc6a9 \uba3c\uc9c0 \uc81c\uac70 \ub864\ub7ec"},"content":{"rendered":"<p data-start=\"64\" data-end=\"171\"><strong data-start=\"64\" data-end=\"171\">\uba3c\uc9c0 \ub864\ub7ec\ub294 \uc7a5\ube44\ub098 \ubd80\ud488\uc758 \ud45c\uba74\uc5d0 \ubd99\uc740 \uba3c\uc9c0\ub97c \uc81c\uac70\ud558\uace0 \ud761\ucc29\ud558\ub294 \ub3c4\uad6c\ub85c, \ud074\ub9b0\ub8f8\uc5d0\uc11c \uc8fc\ub85c \uc0ac\uc6a9\ub429\ub2c8\ub2e4. \ub610\ud55c \ubc14\ub2e5\uc774\ub098 \ubcbd\uba74\uc5d0 \uc788\ub294 \uba3c\uc9c0\ub098 \uc774\ubb3c\uc9c8, \ud30c\ud3b8 \ub4f1\uc744 \uc81c\uac70\ud558\ub294 \ub370\uc5d0\ub3c4 \ud6a8\uacfc\uc801\uc785\ub2c8\ub2e4.<\/strong><\/p>\n<h3 data-start=\"173\" data-end=\"189\">\uba3c\uc9c0 \ub864\ub7ec\uc758 \uae30\uc220 \uc0ac\uc591<\/h3>\n<ul data-start=\"190\" data-end=\"355\">\n<li data-start=\"190\" data-end=\"204\">\n<p data-start=\"192\" data-end=\"204\"><strong data-start=\"192\" data-end=\"199\">\uc0c9\uc0c1:<\/strong> \ud770\uc0c9<\/p>\n<\/li>\n<li data-start=\"205\" data-end=\"270\">\n<p data-start=\"207\" data-end=\"270\"><strong data-start=\"207\" data-end=\"220\">\uc77c\ubc18\uc801\uc778 \uc0ac\uc774\uc988:<\/strong> 650mm\u00d720m \/ 900mm\u00d720m \/ 1300mm\u00d720m \/ 1500mm\u00d720m<\/p>\n<\/li>\n<li data-start=\"271\" data-end=\"290\">\n<p data-start=\"273\" data-end=\"290\"><strong data-start=\"273\" data-end=\"283\">\ub864\ub7ec \uc9c1\uacbd:<\/strong> 76mm<\/p>\n<\/li>\n<li data-start=\"291\" data-end=\"310\">\n<p data-start=\"293\" data-end=\"310\"><strong data-start=\"293\" data-end=\"300\">\ub450\uaed8:<\/strong> 80 \ub9c8\uc774\ud06c\ub860<\/p>\n<\/li>\n<li data-start=\"311\" data-end=\"355\">\n<p data-start=\"313\" data-end=\"355\"><strong data-start=\"313\" data-end=\"320\">\ud2b9\uc9d5:<\/strong> \uc811\ucc29\uc81c\uac00 \ub0a8\uc9c0 \uc54a\uc73c\uba70 \uc81c\ud488 \ud45c\uba74\uc758 \uba3c\uc9c0\ub97c \ud6a8\uacfc\uc801\uc73c\ub85c \uc81c\uac70\ud568<\/p>\n<\/li>\n<\/ul>\n<hr data-start=\"357\" data-end=\"360\" \/>\n<h3 data-start=\"362\" data-end=\"381\">\uba3c\uc9c0 \ub864\ub7ec\uc758 \uc2e4\uc81c \uc751\uc6a9 \ubd84\uc57c<\/h3>\n<ul data-start=\"383\" data-end=\"621\">\n<li data-start=\"383\" data-end=\"450\">\n<p data-start=\"385\" data-end=\"450\">\uc8fc\ub85c <strong data-start=\"388\" data-end=\"436\">\uc0b0\uc5c5 \uc0dd\uc0b0\ud604\uc7a5, \uc804\uc790 \ubd80\ud488 \uacf5\uc7a5, \uc81c\uc870 \ud604\uc7a5, \ucc3d\uace0 \ubc0f \uc0b0\uc5c5 \ub2e8\uc9c0 \ub0b4 \uc0dd\uc0b0 \ub77c\uc778<\/strong> \ub4f1\uc5d0\uc11c \ub110\ub9ac \uc0ac\uc6a9\ub429\ub2c8\ub2e4.<\/p>\n<\/li>\n<li data-start=\"451\" data-end=\"553\">\n<p data-start=\"453\" data-end=\"553\">\uc810\ucc29 \ud544\ub984\uc5d0 \ud3ec\ud568\ub41c <strong data-start=\"464\" data-end=\"511\">\uc810\ucc29\uc81c\ub294 \uc624\uc5fc \ubb3c\uc9c8\uc744 \uc81c\uac70\ud560 \ubfd0\ub9cc \uc544\ub2c8\ub77c \ubbf8\uc0dd\ubb3c\uc758 \uc131\uc7a5\uc744 \uc5b5\uc81c\ud558\ub294 \uc131\ubd84\ub3c4 \ud3ec\ud568<\/strong>\ub418\uc5b4 \uc788\uc5b4, \uc77c\ubc18\uc801\uc778 \uccad\uc815\ud558\uc9c0 \uc54a\uc740 \uacf5\uac04(\ube44\ud074\ub9b0\ub8f8)\uc5d0\uc11c\ub3c4 \uc0ac\uc6a9\uc774 \uac00\ub2a5\ud569\ub2c8\ub2e4.<\/p>\n<\/li>\n<li data-start=\"554\" data-end=\"621\">\n<p data-start=\"556\" data-end=\"621\"><strong data-start=\"556\" data-end=\"569\">\uac00\uc815\uc6a9\uc73c\ub85c\ub3c4 \uc801\ud569<\/strong>\ud558\uc5ec, \ubc14\ub2e5\uc774\ub098 \ubcbd, \ucc9c\uc7a5 \uac19\uc740 \ub2e4\uc591\ud55c \ud45c\uba74\uc5d0 \ubd99\uc740 \uba3c\uc9c0\ub098 \uc624\uc5fc\ubb3c \uc81c\uac70\uc5d0 \uc0ac\uc6a9\ud560 \uc218 \uc788\uc2b5\ub2c8\ub2e4.<\/p>\n<\/li>\n<\/ul>\n<hr data-start=\"623\" data-end=\"626\" \/>\n<p data-start=\"628\" data-end=\"771\">**\uba54\uac00\ub77c\uc778(Megaline)**\uc740 \uba3c\uc9c0 \ub864\ub7ec\ubfd0\ub9cc \uc544\ub2c8\ub77c <strong data-start=\"660\" data-end=\"703\">\uc815\uc804\uae30 \ubc29\uc9c0 \uc758\uc790, \ud074\ub9b0\ub8f8\uc6a9 \ud2f0\uc288, \uc0b0\uc5c5\uc6a9 \uc7a5\uac11 \ub4f1 \ub2e4\uc591\ud55c \ud074\ub9b0\ub8f8 \uc7a5\ube44<\/strong>\ub97c \uacf5\uae09 \ubc0f \uc720\ud1b5\ud558\uace0 \uc788\uc2b5\ub2c8\ub2e4.<br data-start=\"720\" data-end=\"723\" \/>\ucd5c\uace0\uc758 \ud488\uc9c8\uacfc \ud569\ub9ac\uc801\uc778 \uac00\uaca9 \ud61c\ud0dd\uc744 \ub204\ub9ac\uae30 \uc704\ud574 \uc9c0\uae08 \ubc14\ub85c \uc800\ud76c \uba54\uac00\ub77c\uc778\uc744 \ucc3e\uc544\uc8fc\uc138\uc694!<\/p>\n<p data-start=\"773\" data-end=\"810\"><strong data-start=\"773\" data-end=\"784\">\ucc38\uace0 \ud0a4\uc6cc\ub4dc:<\/strong> \uba3c\uc9c0 \ub864\ub7ec, \ud074\ub9b0\ub8f8 \ud2f0\uc288, \ud074\ub9b0\ub8f8\uc6a9 \uba3c\uc9c0 \ub864\ub7ec<\/p>\n","protected":false},"excerpt":{"rendered":"<div id=\"buy_tool\">\n<ul>\n<li>\uc0c9\uc0c1: \ud770\uc0c9<\/li>\n<li><a>\ub450\uaed8: 80 \ub9c8\uc774\ud06c\ub860<\/a><\/li>\n<li><a>\ub864\ub7ec \uc9c1\uacbd: 76mm<\/a><\/li>\n<li><a>\uc77c\ubc18\uc801\uc778 \uc0ac\uc774\uc988: 650mm\u00d720m; 900mm\u00d720m; 1300mm\u00d720m; 1500mm\u00d720m<\/a><\/li>\n<li><a>\uc6a9\ub3c4: \uc81c\ud488 \ud45c\uba74\uc758 \uba3c\uc9c0\ub97c \uc81c\uac70\ud558\uba74\uc11c \uc811\ucc29\uc81c\ub97c \ub0a8\uae30\uc9c0 \uc54a\uc74c<\/a><\/li>\n<\/ul>\n<\/div>\n","protected":false},"featured_media":5482,"comment_status":"closed","ping_status":"closed","template":"","meta":[],"product_brand":[],"product_cat":[636],"product_tag":[586,641,633],"class_list":{"0":"post-5479","1":"product","2":"type-product","3":"status-publish","4":"has-post-thumbnail","6":"product_cat-smt----","7":"product_tag-586","8":"product_tag-641","9":"product_tag-633","11":"first","12":"instock","13":"shipping-taxable","14":"product-type-simple"},"_links":{"self":[{"href":"https:\/\/megaline.com.vn\/ko\/wp-json\/wp\/v2\/product\/5479","targetHints":{"allow":["GET"]}}],"collection":[{"href":"https:\/\/megaline.com.vn\/ko\/wp-json\/wp\/v2\/product"}],"about":[{"href":"https:\/\/megaline.com.vn\/ko\/wp-json\/wp\/v2\/types\/product"}],"replies":[{"embeddable":true,"href":"https:\/\/megaline.com.vn\/ko\/wp-json\/wp\/v2\/comments?post=5479"}],"wp:featuredmedia":[{"embeddable":true,"href":"https:\/\/megaline.com.vn\/ko\/wp-json\/wp\/v2\/media\/5482"}],"wp:attachment":[{"href":"https:\/\/megaline.com.vn\/ko\/wp-json\/wp\/v2\/media?parent=5479"}],"wp:term":[{"taxonomy":"product_brand","embeddable":true,"href":"https:\/\/megaline.com.vn\/ko\/wp-json\/wp\/v2\/product_brand?post=5479"},{"taxonomy":"product_cat","embeddable":true,"href":"https:\/\/megaline.com.vn\/ko\/wp-json\/wp\/v2\/product_cat?post=5479"},{"taxonomy":"product_tag","embeddable":true,"href":"https:\/\/megaline.com.vn\/ko\/wp-json\/wp\/v2\/product_tag?post=5479"}],"curies":[{"name":"wp","href":"https:\/\/api.w.org\/{rel}","templated":true}]}}